{"id":44,"date":"2022-02-20T15:10:32","date_gmt":"2022-02-20T14:10:32","guid":{"rendered":"https:\/\/jce-nfc.org\/?page_id=44"},"modified":"2024-03-12T20:01:52","modified_gmt":"2024-03-12T19:01:52","slug":"commission","status":"publish","type":"page","link":"https:\/\/jce-nfc.org\/?page_id=44","title":{"rendered":"Commission"},"content":{"rendered":"\t\t<div data-elementor-type=\"wp-page\" data-elementor-id=\"44\" class=\"elementor elementor-44\">\n\t\t\t\t\t\t\t\t\t<section class=\"elementor-section elementor-top-section elementor-element elementor-element-40ab47f elementor-section-boxed elementor-section-height-default elementor-section-height-default\" data-id=\"40ab47f\" data-element_type=\"section\">\n\t\t\t\t\t\t<div class=\"elementor-container elementor-column-gap-default\">\n\t\t\t\t\t<div class=\"elementor-column elementor-col-100 elementor-top-column elementor-element elementor-element-7a31114\" data-id=\"7a31114\" data-element_type=\"column\">\n\t\t\t<div class=\"elementor-widget-wrap elementor-element-populated\">\n\t\t\t\t\t\t\t\t<div class=\"elementor-element elementor-element-819683a elementor-grid-4 elementor-grid-tablet-2 elementor-grid-mobile-1 elementor-posts--thumbnail-top elementor-widget elementor-widget-posts\" data-id=\"819683a\" data-element_type=\"widget\" data-settings=\"{&quot;classic_columns&quot;:&quot;4&quot;,&quot;classic_columns_tablet&quot;:&quot;2&quot;,&quot;classic_columns_mobile&quot;:&quot;1&quot;,&quot;classic_row_gap&quot;:{&quot;unit&quot;:&quot;px&quot;,&quot;size&quot;:35,&quot;sizes&quot;:[]},&quot;classic_row_gap_tablet&quot;:{&quot;unit&quot;:&quot;px&quot;,&quot;size&quot;:&quot;&quot;,&quot;sizes&quot;:[]},&quot;classic_row_gap_mobile&quot;:{&quot;unit&quot;:&quot;px&quot;,&quot;size&quot;:&quot;&quot;,&quot;sizes&quot;:[]}}\" data-widget_type=\"posts.classic\">\n\t\t\t\t<div class=\"elementor-widget-container\">\n\t\t\t<link rel=\"stylesheet\" href=\"https:\/\/jce-nfc.org\/wp-content\/plugins\/elementor-pro\/assets\/css\/widget-posts.min.css\">\t\t<div class=\"elementor-posts-container elementor-posts elementor-posts--skin-classic elementor-grid\">\n\t\t\t\t<article class=\"elementor-post elementor-grid-item post-589 post type-post status-publish format-standard has-post-thumbnail hentry category-non-classe\">\n\t\t\t\t<a class=\"elementor-post__thumbnail__link\" href=\"https:\/\/jce-nfc.org\/?p=589\" >\n\t\t\t<div class=\"elementor-post__thumbnail\"><img loading=\"lazy\" decoding=\"async\" width=\"300\" height=\"300\" src=\"https:\/\/jce-nfc.org\/wp-content\/uploads\/2023\/09\/image-300x300.png\" class=\"attachment-medium size-medium wp-image-590\" alt=\"\" srcset=\"https:\/\/jce-nfc.org\/wp-content\/uploads\/2023\/09\/image-300x300.png 300w, https:\/\/jce-nfc.org\/wp-content\/uploads\/2023\/09\/image-1024x1024.png 1024w, https:\/\/jce-nfc.org\/wp-content\/uploads\/2023\/09\/image-150x150.png 150w, https:\/\/jce-nfc.org\/wp-content\/uploads\/2023\/09\/image-768x768.png 768w, https:\/\/jce-nfc.org\/wp-content\/uploads\/2023\/09\/image.png 1080w\" sizes=\"auto, (max-width: 300px) 100vw, 300px\" \/><\/div>\n\t\t<\/a>\n\t\t\t\t<div class=\"elementor-post__text\">\n\t\t\t\t<h3 class=\"elementor-post__title\">\n\t\t\t<a href=\"https:\/\/jce-nfc.org\/?p=589\" >\n\t\t\t\tAfterWork JCE NFC le 03.10.2023 au Matternlab\t\t\t<\/a>\n\t\t<\/h3>\n\t\t\t\t<div class=\"elementor-post__meta-data\">\n\t\t\t\t\t<span class=\"elementor-post-date\">\n\t\t\t21 septembre 2023\t\t<\/span>\n\t\t\t\t<span class=\"elementor-post-avatar\">\n\t\t\tAucun commentaire\t\t<\/span>\n\t\t\t\t<\/div>\n\t\t\t\t<div class=\"elementor-post__excerpt\">\n\t\t\t<p>Il est temps d\u2019en savoir plus sur notre afterwork du 3 octobre au Mattern Lab ! Parmi les activit\u00e9s, il vous sera propos\u00e9 de d\u00e9couvrir<\/p>\n\t\t<\/div>\n\t\t\n\t\t<a class=\"elementor-post__read-more\" href=\"https:\/\/jce-nfc.org\/?p=589\" >\n\t\t\tLire la suite \u00bb\t\t<\/a>\n\n\t\t\t\t<\/div>\n\t\t\t\t<\/article>\n\t\t\t\t<article class=\"elementor-post elementor-grid-item post-68 post type-post status-publish format-standard has-post-thumbnail hentry category-event\">\n\t\t\t\t<a class=\"elementor-post__thumbnail__link\" href=\"https:\/\/jce-nfc.org\/?p=68\" >\n\t\t\t<div class=\"elementor-post__thumbnail\"><img loading=\"lazy\" decoding=\"async\" width=\"300\" height=\"266\" src=\"https:\/\/jce-nfc.org\/wp-content\/uploads\/2022\/03\/soutien-ukraine-300x266.jpg\" class=\"attachment-medium size-medium wp-image-69\" alt=\"\" srcset=\"https:\/\/jce-nfc.org\/wp-content\/uploads\/2022\/03\/soutien-ukraine-300x266.jpg 300w, https:\/\/jce-nfc.org\/wp-content\/uploads\/2022\/03\/soutien-ukraine-1024x909.jpg 1024w, https:\/\/jce-nfc.org\/wp-content\/uploads\/2022\/03\/soutien-ukraine-768x681.jpg 768w, https:\/\/jce-nfc.org\/wp-content\/uploads\/2022\/03\/soutien-ukraine-1536x1363.jpg 1536w, https:\/\/jce-nfc.org\/wp-content\/uploads\/2022\/03\/soutien-ukraine.jpg 2048w\" sizes=\"auto, (max-width: 300px) 100vw, 300px\" \/><\/div>\n\t\t<\/a>\n\t\t\t\t<div class=\"elementor-post__text\">\n\t\t\t\t<h3 class=\"elementor-post__title\">\n\t\t\t<a href=\"https:\/\/jce-nfc.org\/?p=68\" >\n\t\t\t\tCollecte Pour les enfants d&rsquo;Ukraine\t\t\t<\/a>\n\t\t<\/h3>\n\t\t\t\t<div class=\"elementor-post__meta-data\">\n\t\t\t\t\t<span class=\"elementor-post-date\">\n\t\t\t2 mars 2022\t\t<\/span>\n\t\t\t\t<span class=\"elementor-post-avatar\">\n\t\t\tAucun commentaire\t\t<\/span>\n\t\t\t\t<\/div>\n\t\t\t\t<div class=\"elementor-post__excerpt\">\n\t\t\t<p>La Jeune Chambre Economique de Nord-Franche-Comt\u00e9 s&rsquo;associe aux actions de collectes mise en place par la CPME 90 Vous pouvez d\u00e8s \u00e0 pr\u00e9sent faire preuve<\/p>\n\t\t<\/div>\n\t\t\n\t\t<a class=\"elementor-post__read-more\" href=\"https:\/\/jce-nfc.org\/?p=68\" >\n\t\t\tLire la suite \u00bb\t\t<\/a>\n\n\t\t\t\t<\/div>\n\t\t\t\t<\/article>\n\t\t\t\t<article class=\"elementor-post elementor-grid-item post-1 post type-post status-publish format-standard has-post-thumbnail hentry category-pap\">\n\t\t\t\t<a class=\"elementor-post__thumbnail__link\" href=\"https:\/\/jce-nfc.org\/?p=1\" >\n\t\t\t<div class=\"elementor-post__thumbnail\"><img loading=\"lazy\" decoding=\"async\" width=\"300\" height=\"214\" src=\"https:\/\/jce-nfc.org\/wp-content\/uploads\/2023\/03\/280794843_143426754899603_6766103591813574287_n-300x214.jpg\" class=\"attachment-medium size-medium wp-image-380\" alt=\"\" srcset=\"https:\/\/jce-nfc.org\/wp-content\/uploads\/2023\/03\/280794843_143426754899603_6766103591813574287_n-300x214.jpg 300w, https:\/\/jce-nfc.org\/wp-content\/uploads\/2023\/03\/280794843_143426754899603_6766103591813574287_n-1024x731.jpg 1024w, https:\/\/jce-nfc.org\/wp-content\/uploads\/2023\/03\/280794843_143426754899603_6766103591813574287_n-768x549.jpg 768w, https:\/\/jce-nfc.org\/wp-content\/uploads\/2023\/03\/280794843_143426754899603_6766103591813574287_n.jpg 1512w\" sizes=\"auto, (max-width: 300px) 100vw, 300px\" \/><\/div>\n\t\t<\/a>\n\t\t\t\t<div class=\"elementor-post__text\">\n\t\t\t\t<h3 class=\"elementor-post__title\">\n\t\t\t<a href=\"https:\/\/jce-nfc.org\/?p=1\" >\n\t\t\t\tPo\u00e9sie \u00e0 planter\t\t\t<\/a>\n\t\t<\/h3>\n\t\t\t\t<div class=\"elementor-post__meta-data\">\n\t\t\t\t\t<span class=\"elementor-post-date\">\n\t\t\t7 f\u00e9vrier 2022\t\t<\/span>\n\t\t\t\t<span class=\"elementor-post-avatar\">\n\t\t\tAucun commentaire\t\t<\/span>\n\t\t\t\t<\/div>\n\t\t\t\t<div class=\"elementor-post__excerpt\">\n\t\t\t<p>La JCE Nord Franche-Comt\u00e9 souhaite mettre \u00e0 la disposition des animateurs du territoire une m\u00e9thode pour d\u00e9mocratiser la po\u00e9sie \u00e0 planter en diff\u00e9rentes \u00e9tapes&nbsp;: La<\/p>\n\t\t<\/div>\n\t\t\n\t\t<a class=\"elementor-post__read-more\" href=\"https:\/\/jce-nfc.org\/?p=1\" >\n\t\t\tLire la suite \u00bb\t\t<\/a>\n\n\t\t\t\t<\/div>\n\t\t\t\t<\/article>\n\t\t\t\t<\/div>\n\n\n\t\t\n\t\t\t\t<\/div>\n\t\t\t\t<\/div>\n\t\t\t\t\t<\/div>\n\t\t<\/div>\n\t\t\t\t\t\t\t<\/div>\n\t\t<\/section>\n\t\t\t\t\t\t\t<\/div>\n\t\t","protected":false},"excerpt":{"rendered":"","protected":false},"author":2,"featured_media":0,"parent":0,"menu_order":0,"comment_status":"closed","ping_status":"closed","template":"","meta":{"footnotes":""},"class_list":["post-44","page","type-page","status-publish","hentry"],"jetpack_sharing_enabled":true,"_links":{"self":[{"href":"https:\/\/jce-nfc.org\/index.php?rest_route=\/wp\/v2\/pages\/44","targetHints":{"allow":["GET"]}}],"collection":[{"href":"https:\/\/jce-nfc.org\/index.php?rest_route=\/wp\/v2\/pages"}],"about":[{"href":"https:\/\/jce-nfc.org\/index.php?rest_route=\/wp\/v2\/types\/page"}],"author":[{"embeddable":true,"href":"https:\/\/jce-nfc.org\/index.php?rest_route=\/wp\/v2\/users\/2"}],"replies":[{"embeddable":true,"href":"https:\/\/jce-nfc.org\/index.php?rest_route=%2Fwp%2Fv2%2Fcomments&post=44"}],"version-history":[{"count":4,"href":"https:\/\/jce-nfc.org\/index.php?rest_route=\/wp\/v2\/pages\/44\/revisions"}],"predecessor-version":[{"id":597,"href":"https:\/\/jce-nfc.org\/index.php?rest_route=\/wp\/v2\/pages\/44\/revisions\/597"}],"wp:attachment":[{"href":"https:\/\/jce-nfc.org\/index.php?rest_route=%2Fwp%2Fv2%2Fmedia&parent=44"}],"curies":[{"name":"wp","href":"https:\/\/api.w.org\/{rel}","templated":true}]}}